{"id":100,"date":"2025-08-13T16:00:17","date_gmt":"2025-08-13T14:00:17","guid":{"rendered":"https:\/\/clairef89fe333fa9-mzbfk.wordpress.com\/?page_id=100"},"modified":"2025-12-22T14:33:35","modified_gmt":"2025-12-22T14:33:35","slug":"conception-de-moments-porteurs-de-sens-2","status":"publish","type":"page","link":"https:\/\/www.tempscacree.be\/?page_id=100","title":{"rendered":"Conception de moments porteurs de sens"},"content":{"rendered":"\n<div class=\"wp-block-cover has-custom-content-position is-position-bottom-center\"><img decoding=\"async\" class=\"wp-block-cover__image-background wp-image-255\" alt=\"\" src=\"https:\/\/clairef89fe333fa9-mzbfk.wordpress.com\/wp-content\/uploads\/2025\/08\/rituel-26.jpg?w=580\" data-object-fit=\"cover\"\/><span aria-hidden=\"true\" class=\"wp-block-cover__background has-background-dim\"><\/span><div class=\"wp-block-cover__inner-container is-layout-flow wp-block-cover-is-layout-flow\">\n<p><\/p>\n\n\n\n<p><\/p>\n\n\n\n<p class=\"has-text-align-center has-background-color has-text-color has-link-color has-small-font-size wp-elements-76f25eb955883a6e38b6074ab6313357\"><em>\u00ab\u00a0Les rituels et activit\u00e9s porteuses de sens permettent d&rsquo;acc\u00e9der \u00e0 des moments de profondeur et d&rsquo;intensit\u00e9. Partag\u00e9s, ils ont le pouvoir de souder et rester grav\u00e9s.\u00a0\u00bb<\/em><br><em>\u00ab\u00a0Les rituels peuvent cr\u00e9er des ponts entre diff\u00e9rentes \u00e9tapes de notre vie.\u00a0\u00bb<\/em><br><em>\u00ab\u00a0Les rituels permettent de s&rsquo;arr\u00eater un bref instant pour int\u00e9grer des moments importants.\u00a0\u00bb<\/em><\/p>\n<\/div><\/div>\n\n\n\n<p class=\"has-accent-color has-text-color has-link-color wp-elements-a1fe15a8f51ec7d2d4885db94505c6e6\">Prends <strong>le temps de concevoir <\/strong>des moments sp\u00e9ciaux pour des <strong>\u00e9v\u00e9nements de vie importants<\/strong>, les tiens ou ceux de ton entourage : de l&rsquo;<strong>organisation enti\u00e8re d&rsquo;un \u00e9v\u00e9nement<\/strong> \u00e0 la <strong>planification d&rsquo;une activit\u00e9 que tu vas r\u00e9aliser<\/strong>, en passant par la <strong>recherche d&rsquo;un cadeau porteur de sens<\/strong>.<\/p>\n\n\n\n<p class=\"has-accent-color has-text-color has-link-color wp-elements-719aa657a954742c8da6139101078256\"><strong>Exemples<\/strong> :<\/p>\n\n\n\n<ul class=\"wp-block-list\">\n<li class=\"has-accent-color has-text-color has-link-color wp-elements-85652427d09ade51b682575bac88bf76\">imaginer une activit\u00e9 pour c\u00e9l\u00e9brer un \u00e9v\u00e9nement de vie important pour toi ou l&rsquo;un\u00b7e de tes proches<\/li>\n\n\n\n<li class=\"has-accent-color has-text-color has-link-color wp-elements-2f6634323c28439f5013cd7c3eada000\">concevoir un cadeau symbolique pour quelqu&rsquo;un\u00b7e qui traverse ou sort d&rsquo;un moment compliqu\u00e9 ou, \u00e0 tout moment, pour montrer ta pr\u00e9sence \u00e0 un\u00b7e proche lors d&rsquo;un moment cl\u00e9<\/li>\n\n\n\n<li class=\"has-accent-color has-text-color has-link-color wp-elements-0a8736d897d7accabe9ec09ea6e146d1\">cr\u00e9er un rituel personnel ou collectif pour entamer ou cl\u00f4turer une activit\u00e9 qui t&rsquo;a tenu \u00e0 coeur durant plusieurs ann\u00e9es<\/li>\n\n\n\n<li class=\"has-accent-color has-text-color has-link-color wp-elements-c13624f6f6d06be6eac90e81a589ee7b\">r\u00e9fl\u00e9chir \u00e0 une fa\u00e7on d&rsquo;honorer une personne \u00e0 tes c\u00f4t\u00e9s ou qui s&rsquo;en est all\u00e9e<\/li>\n\n\n\n<li class=\"has-accent-color has-text-color has-link-color wp-elements-20490fac4225a2a8bb9858c9f9a5881e\">prendre un temps pour marquer un changement charni\u00e8re dans ta vie ou celle d&rsquo;une personne de ton entourage : une s\u00e9paration de couple, l&rsquo;arriv\u00e9e d&rsquo;un nouveau membre dans la famille, un anniversaire particulier, le d\u00e9part de la maison ou la fin de la scolarit\u00e9 d&rsquo;un enfant, la retraite, etc.<\/li>\n<\/ul>\n\n\n\n<p class=\"has-accent-color has-text-color has-link-color wp-elements-01d05452eff29f44547203e060f57023\"><strong>Toute occasion qui te vient \u00e0 l&rsquo;esprit est la bienvenue.<br>Possibilit\u00e9 de venir seul\u00b7e ou \u00e0 plusieurs.<\/strong><br><\/p>\n\n\n\n<div class=\"wp-block-buttons is-content-justification-center is-layout-flex wp-container-core-buttons-is-layout-16018d1d wp-block-buttons-is-layout-flex\">\n<div class=\"wp-block-button\"><a class=\"wp-block-button__link has-background-color has-accent-background-color has-text-color has-background has-link-color wp-element-button\" href=\"mailto:contact@tempscacree.be\">RENDEZ-VOUS : contact@tempscacree.be<\/a><\/div>\n<\/div>\n\n\n\n<hr class=\"wp-block-separator has-text-color has-accent-color has-alpha-channel-opacity has-accent-background-color has-background is-style-default\"\/>\n\n\n\n<h5 class=\"wp-block-heading has-accent-color has-text-color has-link-color wp-elements-cf09e2e3073a1113654e978190d0d11e\">Informations pratiques<\/h5>\n\n\n\n<ul class=\"wp-block-list\">\n<li class=\"has-accent-color has-text-color has-link-color wp-elements-f04420319c5e10cf8fcb659fa9924860\"><strong>Lieu :<\/strong> yourte situ\u00e9e <a href=\"https:\/\/www.tempscacree.be\/?page_id=637\">rue du Cerisier, 4A \u2013 5530 Yvoir<\/a> (parking \u00e0 50 m\u00e8tres)<\/li>\n\n\n\n<li class=\"has-accent-color has-text-color has-link-color wp-elements-bc7fe735dab85311ad9565b5767ba787\"><strong>Tarif<\/strong> : 70\u20ac\/h (paiement mobile ou en cash lors de la rencontre)<br>Le nombre d&rsquo;heures varie selon le type de demande.<\/li>\n\n\n\n<li class=\"has-accent-color has-text-color has-link-color wp-elements-597ba63d4eb477bf6882633c8a4888e4\"><strong>Propos\u00e9 par<\/strong> : <a href=\"https:\/\/clairef89fe333fa9-mzbfk.wordpress.com\/a-propos\/\">Claire Feyens<\/a><\/li>\n<\/ul>\n\n\n\n<h5 class=\"wp-block-heading has-accent-color has-text-color has-link-color wp-elements-9f34a46ce35b0427ed7ce1ea2f91da06\">D\u00e9roulement<\/h5>\n\n\n\n<ul class=\"wp-block-list has-accent-color has-text-color has-link-color wp-elements-5cfa48b8ad9b27237093d724d0ee4b2c\">\n<li>1\u00e8re rencontre : prise de connaissance de ta demande et de quelques informations sur la ou les personne\u00b7s  concern\u00e9e\u00b7s par celle-ci afin de cr\u00e9er ensuite, avec toi, la proposition la plus personnalis\u00e9e et ajust\u00e9e possible.<\/li>\n\n\n\n<li>S&rsquo;il n&rsquo;est pas possible de finaliser ta demande en 1h, le nombre d&rsquo;heures n\u00e9cessaires pourra \u00eatre estim\u00e9.<br><br>D\u00e8s que tu te sens suffisamment outill\u00e9\u00b7e ou \u00e0 tout autre moment, tu peux choisir de cl\u00f4turer la collaboration et poursuivre de ton c\u00f4t\u00e9.<\/li>\n<\/ul>\n","protected":false},"excerpt":{"rendered":"<p>Prends le temps de concevoir des moments sp\u00e9ciaux pour des \u00e9v\u00e9nements de vie importants, les tiens ou ceux de ton entourage : de l&rsquo;organisation enti\u00e8re d&rsquo;un \u00e9v\u00e9nement \u00e0 la planification d&rsquo;une activit\u00e9 que tu vas r\u00e9aliser, en passant par la recherche d&rsquo;un cadeau porteur de sens. Exemples : Toute occasion qui te vient \u00e0 l&rsquo;esprit [&hellip;]<\/p>\n","protected":false},"author":1,"featured_media":0,"parent":0,"menu_order":0,"comment_status":"closed","ping_status":"closed","template":"","meta":{"footnotes":""},"class_list":["post-100","page","type-page","status-publish","hentry"],"_links":{"self":[{"href":"https:\/\/www.tempscacree.be\/index.php?rest_route=\/wp\/v2\/pages\/100","targetHints":{"allow":["GET"]}}],"collection":[{"href":"https:\/\/www.tempscacree.be\/index.php?rest_route=\/wp\/v2\/pages"}],"about":[{"href":"https:\/\/www.tempscacree.be\/index.php?rest_route=\/wp\/v2\/types\/page"}],"author":[{"embeddable":true,"href":"https:\/\/www.tempscacree.be\/index.php?rest_route=\/wp\/v2\/users\/1"}],"replies":[{"embeddable":true,"href":"https:\/\/www.tempscacree.be\/index.php?rest_route=%2Fwp%2Fv2%2Fcomments&post=100"}],"version-history":[{"count":14,"href":"https:\/\/www.tempscacree.be\/index.php?rest_route=\/wp\/v2\/pages\/100\/revisions"}],"predecessor-version":[{"id":1078,"href":"https:\/\/www.tempscacree.be\/index.php?rest_route=\/wp\/v2\/pages\/100\/revisions\/1078"}],"wp:attachment":[{"href":"https:\/\/www.tempscacree.be\/index.php?rest_route=%2Fwp%2Fv2%2Fmedia&parent=100"}],"curies":[{"name":"wp","href":"https:\/\/api.w.org\/{rel}","templated":true}]}}