{"id":31,"date":"2025-08-13T15:59:10","date_gmt":"2025-08-13T13:59:10","guid":{"rendered":"https:\/\/clairef89fe333fa9-mzbfk.wordpress.com\/?page_id=31"},"modified":"2025-12-22T14:35:44","modified_gmt":"2025-12-22T14:35:44","slug":"accompagnement-2","status":"publish","type":"page","link":"https:\/\/www.tempscacree.be\/?page_id=31","title":{"rendered":"Accompagnement"},"content":{"rendered":"\n<div class=\"wp-block-cover has-custom-content-position is-position-bottom-center\"><img loading=\"lazy\" decoding=\"async\" width=\"1024\" height=\"952\" class=\"wp-block-cover__image-background wp-image-1060 size-large\" alt=\"\" src=\"http:\/\/www.tempscacree.be\/wp-content\/uploads\/2025\/12\/signal-2025-12-18-15-30-05-820-9-scaled-e1766177567583-1024x952.jpg\" data-object-fit=\"cover\" srcset=\"https:\/\/www.tempscacree.be\/wp-content\/uploads\/2025\/12\/signal-2025-12-18-15-30-05-820-9-scaled-e1766177567583-1024x952.jpg 1024w, https:\/\/www.tempscacree.be\/wp-content\/uploads\/2025\/12\/signal-2025-12-18-15-30-05-820-9-scaled-e1766177567583-300x279.jpg 300w, https:\/\/www.tempscacree.be\/wp-content\/uploads\/2025\/12\/signal-2025-12-18-15-30-05-820-9-scaled-e1766177567583-768x714.jpg 768w, https:\/\/www.tempscacree.be\/wp-content\/uploads\/2025\/12\/signal-2025-12-18-15-30-05-820-9-scaled-e1766177567583.jpg 1028w\" sizes=\"auto, (max-width: 1024px) 100vw, 1024px\" \/><span aria-hidden=\"true\" class=\"wp-block-cover__background has-background-dim\" style=\"background-color:#64594f\"><\/span><div class=\"wp-block-cover__inner-container is-layout-flow wp-block-cover-is-layout-flow\">\n<p><\/p>\n\n\n\n<p class=\"has-text-align-center has-background-color has-text-color has-link-color has-small-font-size wp-elements-f22abaaedf2d240b76343027fe355910\"><em>\u00ab\u00a0Si chacun\u00b7e s&rsquo;offrait de prendre soin de son monde int\u00e9rieur, le monde ext\u00e9rieur s&rsquo;en verrait radicalement transform\u00e9.\u00a0\u00bb<\/em><br>\u00ab\u00a0<em>Suis ton rythme, incarne ton propre chemin et pars\u00e8me-le de ce qui t&rsquo;importe profond\u00e9ment.\u00a0\u00bb<\/em><br>\u00ab\u00a0<em>Se connecter \u00e0 soi permet d&rsquo;Exister et d&rsquo;\u00catre au monde, pleinement.\u00a0\u00bb<br>\u00ab\u00a0A chaque prise de conscience, il y a toujours un choix qui peut se poser.\u00a0\u00bb Ch. Little<\/em><\/p>\n<\/div><\/div>\n\n\n\n<div class=\"wp-block-buttons is-content-justification-center is-layout-flex wp-container-core-buttons-is-layout-16018d1d wp-block-buttons-is-layout-flex\">\n<div class=\"wp-block-button\"><a class=\"wp-block-button__link has-background-color has-accent-background-color has-text-color has-background has-link-color wp-element-button\" href=\"https:\/\/rosa.be\/fr\/booking\/hp\/claire-feyens\/is-new-patient\/?site=68d67873ea5857a3c6a06eec\">RENDEZ-VOUS<\/a><\/div>\n<\/div>\n\n\n\n<p class=\"has-text-align-left has-accent-color has-text-color has-link-color wp-elements-bf665d1aa7e7c6ea728b0a67081dd420\">Un<strong> accompagnement<\/strong> offre un temps \u00e0 part<strong> <\/strong>dans son quotidien. Il permet de comprendre certains<strong> fonctionnements<\/strong>, apporter du <strong>neuf<\/strong>, clarifier <strong>ce qui se joue en soi<\/strong>, prendre conscience de ses <strong>ressentis<\/strong>, changer de <strong>regard<\/strong>, ouvrir son <strong>horizon<\/strong>, agrandir le <strong>champ des possibles<\/strong>, remettre du <strong>sens<\/strong>, amener du <strong>mouvement<\/strong>, <strong>avancer<\/strong>, traverser<strong> <\/strong>un <strong>moment charni\u00e8re<\/strong>, accepter un <strong>changement<\/strong>, vivre ou relire des <strong>\u00e9tapes importantes<\/strong> de sa vie, s&rsquo;<strong>all\u00e9ger d&rsquo;\u00e9l\u00e9ments <\/strong>encombrants, d\u00e9couvrir certaines <strong>comp\u00e9tences<\/strong>, suivre ce qui est <strong>juste pour soi<\/strong>, <strong>se retrouver<\/strong>, se sentir <strong>align\u00e9\u00b7e<\/strong>, <strong>s&rsquo;habiter<\/strong> plus pleinement, c\u00e9l\u00e9brer de <strong>belles avanc\u00e9es<\/strong>, etc.<\/p>\n\n\n\n<h5 class=\"wp-block-heading has-text-align-left has-accent-color has-text-color has-link-color wp-elements-4c1a6ea2320382268bf37b40a4d4a6ba\">Ces rencontres peuvent \u00eatre un <strong>soutien<\/strong> pour<\/h5>\n\n\n\n<ul class=\"wp-block-list has-accent-color has-text-color has-link-color wp-elements-0409e9798f0beecb96bc88e111279eaf\">\n<li>se conna\u00eetre davantage et d\u00e9couvrir de nouvelles parts de soi<\/li>\n\n\n\n<li>observer ce qu&rsquo;il y a dans son monde int\u00e9rieur<\/li>\n\n\n\n<li>explorer de nouvelles fa\u00e7ons de fonctionner<\/li>\n\n\n\n<li>donner davantage d&rsquo;espace \u00e0 ce qui est important pour soi, ce qui anime et nourrit profond\u00e9ment<\/li>\n\n\n\n<li>retrouver de la congruence et de la coh\u00e9rence dans son quotidien<\/li>\n\n\n\n<li>cr\u00e9er un chemin de vie en ad\u00e9quation avec sa personne<\/li>\n\n\n\n<li class=\"has-accent-color has-text-color has-link-color wp-elements-eb85c8ed403fca213654ad7f55f89fbf\">soulager son mental, se reconnecter \u00e0 soi, \u00e0 son corps, \u00e0 ses sensations<\/li>\n\n\n\n<li>traverser une transition de vie<\/li>\n\n\n\n<li>prendre des d\u00e9cisions ou remettre en ordre ses priorit\u00e9s<\/li>\n\n\n\n<li>etc.<\/li>\n<\/ul>\n\n\n\n<p class=\"has-accent-color has-text-color has-link-color wp-elements-e1867ae3c65d4f75b83558f584670a6d\"><strong>En plus des accompagnements individuels, des accompagnements de couple et de famille sont possibles, \u00e0 condition que tout le monde soit pr\u00e9sent d\u00e8s le premier rendez-vous.<\/strong><\/p>\n\n\n\n<hr class=\"wp-block-separator has-text-color has-accent-color has-alpha-channel-opacity has-accent-background-color has-background\"\/>\n\n\n\n<h5 class=\"wp-block-heading has-accent-color has-text-color has-link-color wp-elements-cf09e2e3073a1113654e978190d0d11e\">Informations pratiques<\/h5>\n\n\n\n<ul class=\"wp-block-list\">\n<li class=\"has-accent-color has-text-color has-link-color wp-elements-97239fbe41dd7329ccf76b09475d2b52\"><strong>Lieu<\/strong> : yourte situ\u00e9e <a href=\"https:\/\/www.tempscacree.be\/?page_id=637\">rue du Cerisier, 4A \u2013 5530 Yvoir<\/a> (parking \u00e0 50 m\u00e8tres)<\/li>\n\n\n\n<li class=\"has-accent-color has-text-color has-link-color wp-elements-6d09d026764bd0cc4b2bfb726963c868\"><strong>D\u00fbr\u00e9e<\/strong> : 1h<\/li>\n\n\n\n<li class=\"has-accent-color has-text-color has-link-color wp-elements-a8aada7058cad52490a5b71419856a4d\"><strong>Tarif<\/strong> (paiement mobile ou en cash lors de la s\u00e9ance) : <br>70\u20ac en individuel ; 90\u20ac pour un couple ou une famille<\/li>\n\n\n\n<li class=\"has-accent-color has-text-color has-link-color wp-elements-830f933a5195146c60cf3bb8c5889220\"><strong>Remboursement<\/strong> : ces accompagnements \u00e9tant propos\u00e9s par une psychologue clinicienne, un remboursement partiel par votre Mutuelle est possible : renseignez-vous aupr\u00e8s de cette derni\u00e8re pour connaitre la proc\u00e9dure, le montant et le nombre de s\u00e9ances.<\/li>\n\n\n\n<li class=\"has-accent-color has-text-color has-link-color wp-elements-597ba63d4eb477bf6882633c8a4888e4\"><strong>Propos\u00e9 par<\/strong> : <a href=\"https:\/\/clairef89fe333fa9-mzbfk.wordpress.com\/a-propos\/\">Claire Feyens<\/a><\/li>\n<\/ul>\n\n\n\n<h5 class=\"wp-block-heading has-accent-color has-text-color has-link-color wp-elements-9f34a46ce35b0427ed7ce1ea2f91da06\">D\u00e9roulement<\/h5>\n\n\n\n<ul class=\"wp-block-list\">\n<li class=\"has-accent-color has-text-color has-link-color wp-elements-f7ae01be2184ee37c4d6d191cdfccbef\">1\u00e8re rencontre : vous partagez la ou les th\u00e9matiques pour lesquelles vous venez. Ensuite, la fa\u00e7on d&rsquo;accompagner vous est pr\u00e9sent\u00e9e. Si vous le souhaitez, vous prenez un second rendez-vous.<\/li>\n\n\n\n<li class=\"has-accent-color has-text-color has-link-color wp-elements-0eda56fddb1570f5ffb5489cfa8490d0\">Tout au long du suivi, vous choisissez le rythme qui vous convient et les th\u00e9matiques que vous souhaitez aborder.<\/li>\n<\/ul>\n\n\n\n<p class=\"has-accent-color has-text-color has-link-color wp-elements-d38c08b84b313fcfc97b3feba72766e1\"><strong>Sur demande<\/strong>, possibilit\u00e9 \u00e0 partir de la 2e rencontre de r\u00e9aliser les accompagnements <strong>\u00e0 l&rsquo;ext\u00e9rieur<\/strong> :<\/p>\n\n\n\n<ul class=\"wp-block-list\">\n<li class=\"has-accent-color has-text-color has-link-color wp-elements-bdcfd73b1a1a05567dfc90b1fd61b71e\">dans le<strong> jardin<\/strong> pour celles\u00b7eux qui pr\u00e9f\u00e8rent \u00eatre dehors et\/ou directement au contact de la nature<\/li>\n\n\n\n<li class=\"has-accent-color has-text-color has-link-color wp-elements-9abc47c60db0db2cc0a1d3c62454c1c2\">en <strong>marchant en for\u00eat<\/strong> pour celle\u00b7eux qui sont plus confortables avec le mouvement et\/ou pour qui l&rsquo;approche en face-\u00e0-face est inconfortable<\/li>\n<\/ul>\n\n\n\n<div class=\"wp-block-buttons is-content-justification-center is-layout-flex wp-container-core-buttons-is-layout-16018d1d wp-block-buttons-is-layout-flex\">\n<div class=\"wp-block-button\"><a class=\"wp-block-button__link has-background-color has-accent-background-color has-text-color has-background has-link-color wp-element-button\" href=\"https:\/\/rosa.be\/fr\/booking\/hp\/claire-feyens\/is-new-patient\/?site=68d67873ea5857a3c6a06eec\">RENDEZ-VOUS<\/a><\/div>\n<\/div>\n\n\n\n<hr class=\"wp-block-separator has-text-color has-accent-color has-alpha-channel-opacity has-accent-background-color has-background\"\/>\n\n\n\n<h5 class=\"wp-block-heading has-accent-color has-text-color has-link-color has-small-font-size wp-elements-e8119ded3172a087d92c1eb38d51cf04\"><strong>Ces accompagnements sont inspir\u00e9s d&rsquo;outils issus de<\/strong> :<\/h5>\n\n\n\n<ul class=\"wp-block-list\">\n<li class=\"has-accent-color has-text-color has-link-color has-small-font-size wp-elements-3f2d624126f611a320aa99f3ce294683\">la psychologie clinique<\/li>\n\n\n\n<li class=\"has-accent-color has-text-color has-link-color has-small-font-size wp-elements-d152894e2006b3d11721b9e77eff8528\">la th\u00e9rapie syst\u00e9mique<\/li>\n\n\n\n<li class=\"has-accent-color has-text-color has-link-color has-small-font-size wp-elements-42b4dc59fbe0068cac71e34ca03ad77c\">la th\u00e9rapie humaniste<\/li>\n\n\n\n<li class=\"has-accent-color has-text-color has-link-color has-small-font-size wp-elements-d29624d602565f0c586c325c8fd5e595\">la pleine conscience et la m\u00e9ditation<\/li>\n\n\n\n<li class=\"has-accent-color has-text-color has-link-color has-small-font-size wp-elements-81b8dfae7d53888f07e576b4bf2f426f\">l&rsquo;intelligence collective<\/li>\n\n\n\n<li class=\"has-accent-color has-text-color has-link-color has-small-font-size wp-elements-e46f6f86760b169a762d2d454e282dcc\">pratiques cr\u00e9atives<\/li>\n<\/ul>\n","protected":false},"excerpt":{"rendered":"<p>Un accompagnement offre un temps \u00e0 part dans son quotidien. Il permet de comprendre certains fonctionnements, apporter du neuf, clarifier ce qui se joue en soi, prendre conscience de ses ressentis, changer de regard, ouvrir son horizon, agrandir le champ des possibles, remettre du sens, amener du mouvement, avancer, traverser un moment charni\u00e8re, accepter un [&hellip;]<\/p>\n","protected":false},"author":1,"featured_media":0,"parent":0,"menu_order":0,"comment_status":"closed","ping_status":"closed","template":"","meta":{"footnotes":""},"class_list":["post-31","page","type-page","status-publish","hentry"],"_links":{"self":[{"href":"https:\/\/www.tempscacree.be\/index.php?rest_route=\/wp\/v2\/pages\/31","targetHints":{"allow":["GET"]}}],"collection":[{"href":"https:\/\/www.tempscacree.be\/index.php?rest_route=\/wp\/v2\/pages"}],"about":[{"href":"https:\/\/www.tempscacree.be\/index.php?rest_route=\/wp\/v2\/types\/page"}],"author":[{"embeddable":true,"href":"https:\/\/www.tempscacree.be\/index.php?rest_route=\/wp\/v2\/users\/1"}],"replies":[{"embeddable":true,"href":"https:\/\/www.tempscacree.be\/index.php?rest_route=%2Fwp%2Fv2%2Fcomments&post=31"}],"version-history":[{"count":39,"href":"https:\/\/www.tempscacree.be\/index.php?rest_route=\/wp\/v2\/pages\/31\/revisions"}],"predecessor-version":[{"id":1081,"href":"https:\/\/www.tempscacree.be\/index.php?rest_route=\/wp\/v2\/pages\/31\/revisions\/1081"}],"wp:attachment":[{"href":"https:\/\/www.tempscacree.be\/index.php?rest_route=%2Fwp%2Fv2%2Fmedia&parent=31"}],"curies":[{"name":"wp","href":"https:\/\/api.w.org\/{rel}","templated":true}]}}