{"id":321,"date":"2025-08-13T00:51:51","date_gmt":"2025-08-12T22:51:51","guid":{"rendered":"https:\/\/clairef89fe333fa9-mzbfk.wordpress.com\/?page_id=321"},"modified":"2025-12-19T21:20:41","modified_gmt":"2025-12-19T21:20:41","slug":"temps-ca-cree","status":"publish","type":"page","link":"https:\/\/www.tempscacree.be\/","title":{"rendered":"Le Temps \u00c7a Cr\u00e9e"},"content":{"rendered":"\n<h2 class=\"wp-block-heading has-text-align-center has-accent-color has-text-color has-link-color has-large-font-size wp-elements-3ce14b649c4abbca688df1e6f8f76050\"><strong>Exp\u00e9rimenter d&rsquo;autres fa\u00e7ons d&rsquo;\u00eatre pr\u00e9sent\u00b7e <\/strong><br><strong>\u00e0 soi<br>aux autres<\/strong><br><strong>\u00e0 son environnement<\/strong><\/h2>\n\n\n\n<div class=\"wp-block-group\"><div class=\"wp-block-group__inner-container is-layout-constrained wp-block-group-is-layout-constrained\">\n<div class=\"wp-block-cover\"><img loading=\"lazy\" decoding=\"async\" width=\"1024\" height=\"1016\" class=\"wp-block-cover__image-background wp-image-1036 size-large\" alt=\"\" src=\"http:\/\/www.tempscacree.be\/wp-content\/uploads\/2025\/12\/signal-2025-12-18-15-21-18-164-1-scaled-e1766178695500-1024x1016.jpg\" data-object-fit=\"cover\" srcset=\"https:\/\/www.tempscacree.be\/wp-content\/uploads\/2025\/12\/signal-2025-12-18-15-21-18-164-1-scaled-e1766178695500-1024x1016.jpg 1024w, https:\/\/www.tempscacree.be\/wp-content\/uploads\/2025\/12\/signal-2025-12-18-15-21-18-164-1-scaled-e1766178695500-300x298.jpg 300w, https:\/\/www.tempscacree.be\/wp-content\/uploads\/2025\/12\/signal-2025-12-18-15-21-18-164-1-scaled-e1766178695500-150x150.jpg 150w, https:\/\/www.tempscacree.be\/wp-content\/uploads\/2025\/12\/signal-2025-12-18-15-21-18-164-1-scaled-e1766178695500-768x762.jpg 768w, https:\/\/www.tempscacree.be\/wp-content\/uploads\/2025\/12\/signal-2025-12-18-15-21-18-164-1-scaled-e1766178695500-1200x1190.jpg 1200w, https:\/\/www.tempscacree.be\/wp-content\/uploads\/2025\/12\/signal-2025-12-18-15-21-18-164-1-scaled-e1766178695500.jpg 1450w\" sizes=\"auto, (max-width: 1024px) 100vw, 1024px\" \/><span aria-hidden=\"true\" class=\"wp-block-cover__background has-background-dim-0 has-background-dim\"><\/span><div class=\"wp-block-cover__inner-container is-layout-flow wp-block-cover-is-layout-flow\">\n<p class=\"has-text-align-center has-background-color has-text-color has-link-color has-large-font-size wp-elements-10488d11237922a33eab557d55289fe6\"><a href=\"https:\/\/www.tempscacree.be\/?page_id=31\" data-type=\"page\" data-id=\"31\">ACCOMPAGNEMENT<\/a><\/p>\n<\/div><\/div>\n\n\n\n<div class=\"wp-block-cover is-light\"><img decoding=\"async\" class=\"wp-block-cover__image-background wp-image-241\" alt=\"\" src=\"https:\/\/clairef89fe333fa9-mzbfk.wordpress.com\/wp-content\/uploads\/2025\/08\/cercle-de-parole-e1755031165688.jpg?w=580\" data-object-fit=\"cover\"\/><span aria-hidden=\"true\" class=\"wp-block-cover__background has-background-dim-20 has-background-dim\"><\/span><div class=\"wp-block-cover__inner-container is-layout-flow wp-block-cover-is-layout-flow\">\n<p class=\"has-text-align-center has-background-color has-text-color has-link-color has-large-font-size wp-elements-88eefcf8fcfd00e6bd3d618aad19e91e\"><a href=\"https:\/\/www.tempscacree.be\/?page_id=34\" data-type=\"page\" data-id=\"34\">CERCLES DE PAROLE<\/a><\/p>\n<\/div><\/div>\n\n\n\n<div class=\"wp-block-cover is-light\"><img loading=\"lazy\" decoding=\"async\" width=\"683\" height=\"1024\" class=\"wp-block-cover__image-background wp-image-258 size-large\" alt=\"\" src=\"http:\/\/www.tempscacree.be\/wp-content\/uploads\/2025\/08\/rituel-37-683x1024.jpg\" data-object-fit=\"cover\" srcset=\"https:\/\/www.tempscacree.be\/wp-content\/uploads\/2025\/08\/rituel-37-683x1024.jpg 683w, https:\/\/www.tempscacree.be\/wp-content\/uploads\/2025\/08\/rituel-37-200x300.jpg 200w, https:\/\/www.tempscacree.be\/wp-content\/uploads\/2025\/08\/rituel-37-768x1152.jpg 768w, https:\/\/www.tempscacree.be\/wp-content\/uploads\/2025\/08\/rituel-37-1024x1536.jpg 1024w, https:\/\/www.tempscacree.be\/wp-content\/uploads\/2025\/08\/rituel-37-1365x2048.jpg 1365w, https:\/\/www.tempscacree.be\/wp-content\/uploads\/2025\/08\/rituel-37-scaled.jpg 1707w\" sizes=\"auto, (max-width: 683px) 100vw, 683px\" \/><span aria-hidden=\"true\" class=\"wp-block-cover__background has-background-dim-20 has-background-dim\" style=\"background-color:#868481\"><\/span><div class=\"wp-block-cover__inner-container is-layout-flow wp-block-cover-is-layout-flow\">\n<p class=\"has-text-align-center has-background-color has-text-color has-link-color has-large-font-size wp-elements-801df867b8fae21635aab1509cd40831\"><a href=\"https:\/\/www.tempscacree.be\/?page_id=100\" data-type=\"page\" data-id=\"100\">CONCEPTION DE MOMENTS PORTEURS DE SENS<\/a><\/p>\n<\/div><\/div>\n<\/div><\/div>\n","protected":false},"excerpt":{"rendered":"<p>Exp\u00e9rimenter d&rsquo;autres fa\u00e7ons d&rsquo;\u00eatre pr\u00e9sent\u00b7e \u00e0 soiaux autres\u00e0 son environnement<\/p>\n","protected":false},"author":1,"featured_media":0,"parent":0,"menu_order":0,"comment_status":"closed","ping_status":"closed","template":"","meta":{"footnotes":""},"class_list":["post-321","page","type-page","status-publish","hentry"],"_links":{"self":[{"href":"https:\/\/www.tempscacree.be\/index.php?rest_route=\/wp\/v2\/pages\/321","targetHints":{"allow":["GET"]}}],"collection":[{"href":"https:\/\/www.tempscacree.be\/index.php?rest_route=\/wp\/v2\/pages"}],"about":[{"href":"https:\/\/www.tempscacree.be\/index.php?rest_route=\/wp\/v2\/types\/page"}],"author":[{"embeddable":true,"href":"https:\/\/www.tempscacree.be\/index.php?rest_route=\/wp\/v2\/users\/1"}],"replies":[{"embeddable":true,"href":"https:\/\/www.tempscacree.be\/index.php?rest_route=%2Fwp%2Fv2%2Fcomments&post=321"}],"version-history":[{"count":12,"href":"https:\/\/www.tempscacree.be\/index.php?rest_route=\/wp\/v2\/pages\/321\/revisions"}],"predecessor-version":[{"id":1070,"href":"https:\/\/www.tempscacree.be\/index.php?rest_route=\/wp\/v2\/pages\/321\/revisions\/1070"}],"wp:attachment":[{"href":"https:\/\/www.tempscacree.be\/index.php?rest_route=%2Fwp%2Fv2%2Fmedia&parent=321"}],"curies":[{"name":"wp","href":"https:\/\/api.w.org\/{rel}","templated":true}]}}