{"id":34,"date":"2025-08-13T15:57:42","date_gmt":"2025-08-13T13:57:42","guid":{"rendered":"https:\/\/clairef89fe333fa9-mzbfk.wordpress.com\/?page_id=34"},"modified":"2025-12-01T00:01:40","modified_gmt":"2025-12-01T00:01:40","slug":"cercles-de-parole","status":"publish","type":"page","link":"https:\/\/www.tempscacree.be\/?page_id=34","title":{"rendered":"Cercles de parole"},"content":{"rendered":"\n<div class=\"wp-block-cover has-custom-content-position is-position-bottom-center\"><img decoding=\"async\" class=\"wp-block-cover__image-background wp-image-241\" alt=\"\" src=\"https:\/\/clairef89fe333fa9-mzbfk.wordpress.com\/wp-content\/uploads\/2025\/08\/cercle-de-parole-e1755031165688.jpg?w=580\" data-object-fit=\"cover\"\/><span aria-hidden=\"true\" class=\"wp-block-cover__background has-background-dim\"><\/span><div class=\"wp-block-cover__inner-container is-layout-flow wp-block-cover-is-layout-flow\">\n<p><\/p>\n\n\n\n<p><\/p>\n\n\n\n<p class=\"has-text-align-center has-background-color has-text-color has-link-color has-small-font-size wp-elements-8b0ed64fba775bdae928c95a1afbde8b\"><em>\u00ab\u00a0La parole est moiti\u00e9 \u00e0 celui qui parle, moiti\u00e9 \u00e0 celui qui \u00e9coute.\u00a0\u00bb M. de Montaigne<br>\u00ab\u00a0\u00c9couter, c&rsquo;est \u00eatre capable d&rsquo;\u00eatre transform\u00e9 par l&rsquo;autre.\u00a0\u00bb Anonyme<br>\u00ab\u00a0La parole nous transforme parce qu&rsquo;elle nous force \u00e0 pr\u00e9ciser nos id\u00e9es, mais l&rsquo;\u00e9coute est encore plus puissante, car elle nous ouvre \u00e0 d&rsquo;autres univers que le n\u00f4tre.\u00a0\u00bb Ch. Andr\u00e9<\/em><\/p>\n<\/div><\/div>\n\n\n\n<p class=\"has-text-align-center has-accent-color has-text-color has-link-color wp-elements-854b5e8026d77fd0a98d36c5a7495597\">Un Cercle de parole est un <strong>moment collectif<\/strong> qui prend de la valeur gr\u00e2ce aux <strong>partages de chacun\u00b7e<\/strong> et \u00e0 la <strong>puissance du groupe<\/strong>.<br>Il apporte de la <strong>confiance<\/strong>, un <strong>enrichissement <\/strong>et du <strong>soutien<\/strong> \u00e0 ses membres.<br>A travers des <strong>v\u00e9cus individuels<\/strong>, il met en lumi\u00e8re des <strong>apports universels<\/strong>.<\/p>\n\n\n\n<h5 class=\"wp-block-heading has-accent-color has-text-color has-link-color wp-elements-993c90091f6d19c49e52ad9f99b1e650\">Concr\u00e8tement :<\/h5>\n\n\n\n<p class=\"has-accent-color has-text-color has-link-color wp-elements-4447a34065ebb32f2354aca0938f5531\"><strong>Que peut t&rsquo;offrir un Cercle de parole ?<\/strong><br>Durant chaque soir\u00e9e, tu b\u00e9n\u00e9ficies d&rsquo;un temps durant lequel tu peux mettre en mots et d\u00e9poser ce que tu vis, te rendre compte o\u00f9 tu en es, ouvrir tes horizons et cheminer gr\u00e2ce aux \u00e9changes de chacun\u00b7e. Il s&rsquo;agit d&rsquo;un temps de partage d&rsquo;exp\u00e9riences et de r\u00e9flexions qui nourrit chaque personne pr\u00e9sente.<br><br><strong>Comment se d\u00e9roule une soir\u00e9e ?<\/strong><br>Un th\u00e8me ou une question est propos\u00e9e, chacun\u00b7e est invit\u00e9\u00b7e \u00e0 s\u2019exprimer.<br>Il s&rsquo;agit d&rsquo;un espace de partage personnel et d&rsquo;\u00e9coute profonde, dans une atmosph\u00e8re non-jugeante, respectueuse et chaleureuse. Tout ce qui est dit dans cet espace y reste. Il ne s&rsquo;agit en rien d&rsquo;un espace qui permet de d\u00e9battre sur ce qui est d\u00e9pos\u00e9 ou de donner des conseils aux personnes pr\u00e9sentes.<br><\/p>\n\n\n\n<div class=\"wp-block-buttons is-content-justification-center is-layout-flex wp-container-core-buttons-is-layout-16018d1d wp-block-buttons-is-layout-flex\">\n<div class=\"wp-block-button\"><a class=\"wp-block-button__link has-background-color has-accent-background-color has-text-color has-background has-link-color wp-element-button\" href=\"https:\/\/www.tempscacree.be\/?page_id=722\">Groupe de soutien burn-out<\/a><\/div>\n<\/div>\n\n\n\n<div class=\"wp-block-buttons is-content-justification-center is-layout-flex wp-container-core-buttons-is-layout-16018d1d wp-block-buttons-is-layout-flex\">\n<div class=\"wp-block-button\"><a class=\"wp-block-button__link has-background-color has-accent-background-color has-text-color has-background has-link-color has-text-align-center wp-element-button\" href=\"https:\/\/www.tempscacree.be\/?page_id=66\">Cercle post burn-out<\/a><\/div>\n<\/div>\n\n\n\n<div class=\"wp-block-buttons is-content-justification-center is-layout-flex wp-container-core-buttons-is-layout-16018d1d wp-block-buttons-is-layout-flex\">\n<div class=\"wp-block-button\"><a class=\"wp-block-button__link has-background-color has-accent-background-color has-text-color has-background has-link-color wp-element-button\" href=\"https:\/\/www.tempscacree.be\/?page_id=74\">Cercle POUR personnes HP<\/a><\/div>\n<\/div>\n\n\n\n<div class=\"wp-block-buttons is-content-justification-center is-layout-flex wp-container-core-buttons-is-layout-16018d1d wp-block-buttons-is-layout-flex\">\n<div class=\"wp-block-button\"><a class=\"wp-block-button__link has-background-color has-accent-background-color has-text-color has-background has-link-color wp-element-button\" href=\"https:\/\/www.tempscacree.be\/?page_id=77\">Cercle pour parents d&rsquo;enfants HP<\/a><\/div>\n<\/div>\n\n\n\n<div class=\"wp-block-buttons is-content-justification-center is-layout-flex wp-container-core-buttons-is-layout-16018d1d wp-block-buttons-is-layout-flex\">\n<div class=\"wp-block-button\"><a class=\"wp-block-button__link has-background-color has-accent-background-color has-text-color has-background has-link-color wp-element-button\" href=\"https:\/\/www.tempscacree.be\/?page_id=855\">Cercle ATTENTES SOCIALES<\/a><\/div>\n<\/div>\n\n\n\n<hr class=\"wp-block-separator has-text-color has-accent-color has-alpha-channel-opacity has-accent-background-color has-background\"\/>\n\n\n\n<h5 class=\"wp-block-heading has-accent-color has-text-color has-link-color has-small-font-size wp-elements-c5b67c51b2a1b14cbd02dc0b9f93a199\">Ces Cercles de parole sont inspir\u00e9s d&rsquo;outils issus de :<\/h5>\n\n\n\n<ul class=\"wp-block-list\">\n<li class=\"has-accent-color has-text-color has-link-color has-small-font-size wp-elements-93555d30fe897470b0f5eec6e0684cdd\">pratiques de cercles de parole et Council<\/li>\n\n\n\n<li class=\"has-accent-color has-text-color has-link-color has-small-font-size wp-elements-6236b738da8119bdcdf1fcbb24288172\">pratiques d&rsquo;intelligence collective<\/li>\n\n\n\n<li class=\"has-accent-color has-text-color has-link-color has-small-font-size wp-elements-3f2d624126f611a320aa99f3ce294683\">la psychologie clinique<\/li>\n\n\n\n<li class=\"has-accent-color has-text-color has-link-color has-small-font-size wp-elements-2044db629d9e4e9a9bdf5c3f565a76d0\">l&rsquo;intervention humaniste et syst\u00e9mique<\/li>\n<\/ul>\n","protected":false},"excerpt":{"rendered":"<p>Un Cercle de parole est un moment collectif qui prend de la valeur gr\u00e2ce aux partages de chacun\u00b7e et \u00e0 la puissance du groupe.Il apporte de la confiance, un enrichissement et du soutien \u00e0 ses membres.A travers des v\u00e9cus individuels, il met en lumi\u00e8re des apports universels. Concr\u00e8tement : Que peut t&rsquo;offrir un Cercle de [&hellip;]<\/p>\n","protected":false},"author":1,"featured_media":0,"parent":0,"menu_order":0,"comment_status":"closed","ping_status":"closed","template":"","meta":{"footnotes":""},"class_list":["post-34","page","type-page","status-publish","hentry"],"_links":{"self":[{"href":"https:\/\/www.tempscacree.be\/index.php?rest_route=\/wp\/v2\/pages\/34","targetHints":{"allow":["GET"]}}],"collection":[{"href":"https:\/\/www.tempscacree.be\/index.php?rest_route=\/wp\/v2\/pages"}],"about":[{"href":"https:\/\/www.tempscacree.be\/index.php?rest_route=\/wp\/v2\/types\/page"}],"author":[{"embeddable":true,"href":"https:\/\/www.tempscacree.be\/index.php?rest_route=\/wp\/v2\/users\/1"}],"replies":[{"embeddable":true,"href":"https:\/\/www.tempscacree.be\/index.php?rest_route=%2Fwp%2Fv2%2Fcomments&post=34"}],"version-history":[{"count":14,"href":"https:\/\/www.tempscacree.be\/index.php?rest_route=\/wp\/v2\/pages\/34\/revisions"}],"predecessor-version":[{"id":1009,"href":"https:\/\/www.tempscacree.be\/index.php?rest_route=\/wp\/v2\/pages\/34\/revisions\/1009"}],"wp:attachment":[{"href":"https:\/\/www.tempscacree.be\/index.php?rest_route=%2Fwp%2Fv2%2Fmedia&parent=34"}],"curies":[{"name":"wp","href":"https:\/\/api.w.org\/{rel}","templated":true}]}}