{"id":637,"date":"2025-10-01T23:14:44","date_gmt":"2025-10-01T21:14:44","guid":{"rendered":"https:\/\/clairef89fe333fa9-mzbfk.wordpress.com\/?page_id=637"},"modified":"2025-12-16T17:15:57","modified_gmt":"2025-12-16T17:15:57","slug":"contact","status":"publish","type":"page","link":"https:\/\/www.tempscacree.be\/?page_id=637","title":{"rendered":"Contact"},"content":{"rendered":"\n<p class=\"has-text-align-center has-accent-color has-text-color has-link-color has-larger-font-size wp-elements-dcd1abcc1849acae3dd140d911cc3a5a\"><a href=\"mailto:contact@tempscacree.be\">contact@tempscacree.be<\/a><\/p>\n\n\n\n<hr class=\"wp-block-separator has-alpha-channel-opacity\"\/>\n\n\n\n<h3 class=\"wp-block-heading has-text-align-center has-accent-color has-text-color has-link-color wp-elements-e79c2a8d26380615f60f9ec74707afda\"><strong>Lieu<\/strong> de consultation<\/h3>\n\n\n\n<div class=\"wp-block-group alignwide\"><div class=\"wp-block-group__inner-container is-layout-constrained wp-block-group-is-layout-constrained\">\n<div class=\"wp-block-media-text alignwide is-stacked-on-mobile is-image-fill-element\" style=\"grid-template-columns:44% auto\"><figure class=\"wp-block-media-text__media\"><img loading=\"lazy\" decoding=\"async\" width=\"767\" height=\"1024\" src=\"http:\/\/www.tempscacree.be\/wp-content\/uploads\/2025\/09\/img_20250912_154013-767x1024.jpg\" alt=\"\" class=\"wp-image-599 size-full\" style=\"object-position:50% 50%\" srcset=\"https:\/\/www.tempscacree.be\/wp-content\/uploads\/2025\/09\/img_20250912_154013-767x1024.jpg 767w, https:\/\/www.tempscacree.be\/wp-content\/uploads\/2025\/09\/img_20250912_154013-225x300.jpg 225w, https:\/\/www.tempscacree.be\/wp-content\/uploads\/2025\/09\/img_20250912_154013-768x1025.jpg 768w, https:\/\/www.tempscacree.be\/wp-content\/uploads\/2025\/09\/img_20250912_154013-1150x1536.jpg 1150w, https:\/\/www.tempscacree.be\/wp-content\/uploads\/2025\/09\/img_20250912_154013-1534x2048.jpg 1534w, https:\/\/www.tempscacree.be\/wp-content\/uploads\/2025\/09\/img_20250912_154013-scaled.jpg 1917w\" sizes=\"auto, (max-width: 767px) 100vw, 767px\" \/><\/figure><div class=\"wp-block-media-text__content\">\n<ul class=\"wp-block-list\">\n<li class=\"has-accent-color has-text-color has-link-color wp-elements-755fe189318dcb1b0f5f9781c210ac28\"><strong>Adresse <\/strong>: rue du Cerisier, 4A &#8211; 5530 Yvoir  ; GPS : 50.353451,4.888840\n<ul class=\"wp-block-list\">\n<li><strong>Rejoignez le lieu \u00e0 pied<\/strong> en prenant l&rsquo;impasse en graviers situ\u00e9e entre les maisons num\u00e9ro 1 et 3 de la rue du Cerisier. La yourte se trouve un peu plus loin sur votre gauche.<\/li>\n<\/ul>\n<\/li>\n\n\n\n<li class=\"has-accent-color has-text-color has-link-color wp-elements-058709803f41f55a27f8104a92241fd5\"><strong>Acc\u00e8s en voiture<\/strong> :\n<ul class=\"wp-block-list\">\n<li>Parquez-vous sur une des <strong>places situ\u00e9es \u00e0 50 m\u00e8tres<\/strong> :<\/li>\n\n\n\n<li>Depuis <strong>rue Fonds Delvaux<\/strong> : au d\u00e9but de la rue du Cerisier, des places de parking sont accessibles sur votre droite, \u00e0 hauteur des nouvelles constructions.<\/li>\n\n\n\n<li>Depuis <strong>rue du Tienne de Mont<\/strong> : \u00e0 proximit\u00e9 du carrefour avec la rue du Cerisier, il y a la possibilit\u00e9 de se parquer en bord de rue.<\/li>\n<\/ul>\n<\/li>\n\n\n\n<li class=\"has-accent-color has-text-color has-link-color wp-elements-c1781f36c069901d0d11d4596ea9f916\"><strong>Acc\u00e8s en transports en commun<\/strong> :\n<ul class=\"wp-block-list\">\n<li class=\"has-accent-color has-text-color has-link-color wp-elements-d28a1c4bda7eef42d5ca14ce29e1cde7\"> Arr\u00eat de bus <strong>MONT Route de la clinique<\/strong> (CHU UCL Namur &#8211; Site de Godinne) : 600m<\/li>\n\n\n\n<li>Gare de <strong>Godinne<\/strong> : 1,8km<\/li>\n<\/ul>\n<\/li>\n<\/ul>\n<\/div><\/div>\n<\/div><\/div>\n","protected":false},"excerpt":{"rendered":"<p>contact@tempscacree.be Lieu de consultation<\/p>\n","protected":false},"author":1,"featured_media":0,"parent":0,"menu_order":0,"comment_status":"closed","ping_status":"closed","template":"","meta":{"footnotes":""},"class_list":["post-637","page","type-page","status-publish","hentry"],"_links":{"self":[{"href":"https:\/\/www.tempscacree.be\/index.php?rest_route=\/wp\/v2\/pages\/637","targetHints":{"allow":["GET"]}}],"collection":[{"href":"https:\/\/www.tempscacree.be\/index.php?rest_route=\/wp\/v2\/pages"}],"about":[{"href":"https:\/\/www.tempscacree.be\/index.php?rest_route=\/wp\/v2\/types\/page"}],"author":[{"embeddable":true,"href":"https:\/\/www.tempscacree.be\/index.php?rest_route=\/wp\/v2\/users\/1"}],"replies":[{"embeddable":true,"href":"https:\/\/www.tempscacree.be\/index.php?rest_route=%2Fwp%2Fv2%2Fcomments&post=637"}],"version-history":[{"count":14,"href":"https:\/\/www.tempscacree.be\/index.php?rest_route=\/wp\/v2\/pages\/637\/revisions"}],"predecessor-version":[{"id":1025,"href":"https:\/\/www.tempscacree.be\/index.php?rest_route=\/wp\/v2\/pages\/637\/revisions\/1025"}],"wp:attachment":[{"href":"https:\/\/www.tempscacree.be\/index.php?rest_route=%2Fwp%2Fv2%2Fmedia&parent=637"}],"curies":[{"name":"wp","href":"https:\/\/api.w.org\/{rel}","templated":true}]}}