{"id":722,"date":"2025-11-04T15:37:40","date_gmt":"2025-11-04T14:37:40","guid":{"rendered":"https:\/\/clairef89fe333fa9-mzbfk.wordpress.com\/?page_id=722"},"modified":"2026-01-20T16:36:46","modified_gmt":"2026-01-20T16:36:46","slug":"groupe-de-soutien-burn-out","status":"publish","type":"page","link":"https:\/\/www.tempscacree.be\/?page_id=722","title":{"rendered":"Groupe de soutien burn-out"},"content":{"rendered":"\n<p class=\"has-accent-color has-text-color has-link-color wp-elements-708f2979d1b2488991ffb21681d8248a\">Bienvenue \u00e0 toute personne en \u00e9puisement ou burn-out, diagnostiqu\u00e9e ou non par un\u00b7e professionnel\u00b7le de la sant\u00e9.<\/p>\n\n\n\n<p class=\"has-accent-color has-text-color has-link-color wp-elements-42f3b3f864d446ba66250745c65f3a7a\">Tout comme le Cercle de parole, le groupe de soutien permet \u00e0 chacun\u00b7e de cheminer, port\u00e9\u00b7e par la puissance d&rsquo;un groupe et les \u00e9changes des un\u00b7e\u00b7s et des autres.<\/p>\n\n\n\n<p class=\"has-accent-color has-text-color has-link-color wp-elements-26410b128be7c43e15d85177264eb0c7\">A travers des partages d&rsquo;exp\u00e9riences, des temps d&rsquo;introspection et des apports th\u00e9oriques, tu pourras relire ce qui t&rsquo;a men\u00e9\u00b7e au burn-out, percevoir les signaux d&rsquo;alerte qui sont les tiens, entrevoir des ajustements dans ton quotidien et clarifier les prochains pas que tu veux effectuer.<br><\/p>\n\n\n\n<div class=\"wp-block-buttons is-content-justification-center is-layout-flex wp-container-core-buttons-is-layout-16018d1d wp-block-buttons-is-layout-flex\">\n<div class=\"wp-block-button\"><a class=\"wp-block-button__link has-background-color has-accent-background-color has-text-color has-background has-link-color wp-element-button\" href=\"mailto:contact@tempscacree.be\">INSCRIPTION : contact@tempscacree.be<\/a><\/div>\n<\/div>\n\n\n\n<p class=\"has-accent-color has-text-color has-link-color wp-elements-0a0c5d87264ad0969a4627164f0138b1\"><br>Processus \u00e9galement possible en <a href=\"https:\/\/www.tempscacree.be\/?page_id=31\" data-type=\"page\" data-id=\"31\">accompagnement individuel<\/a>.<\/p>\n\n\n\n<hr class=\"wp-block-separator has-text-color has-accent-color has-alpha-channel-opacity has-accent-background-color has-background\"\/>\n\n\n\n<h5 class=\"wp-block-heading has-accent-color has-text-color has-link-color wp-elements-e9ca7d9e633f27da1ec7e5b4566af171\"><strong>Informations pratiques<\/strong><\/h5>\n\n\n\n<div class=\"wp-block-group is-nowrap is-layout-flex wp-container-core-group-is-layout-ad2f72ca wp-block-group-is-layout-flex\">\n<p><a href=\"https:\/\/clairef89fe333fa9-mzbfk.wordpress.com\/wp-admin\/edit.php?post_type=page\"><\/a><\/p>\n\n\n\n<ul class=\"wp-block-list\">\n<li class=\"has-accent-color has-text-color has-link-color wp-elements-e94616aeb4333350c7c620eaf56ac2ef\"><strong>Lieu<\/strong> : <a href=\"https:\/\/www.tempscacree.be\/?page_id=637\" data-type=\"page\" data-id=\"637\">rue du Cerisier, 4A &#8211; 5530 Yvoir<\/a> (parking \u00e0 50 m\u00e8tres), dans une yourte<\/li>\n\n\n\n<li class=\"has-accent-color has-text-color has-link-color wp-elements-a4fc6d824393a06b673cc30bcfafc52b\"><strong>Engagement <\/strong>pour <strong>4 jeudis de 9h \u00e0 12h<\/strong> :\n<ul class=\"wp-block-list\">\n<li>pas de dates pr\u00e9vues pour le moment<\/li>\n<\/ul>\n<\/li>\n\n\n\n<li class=\"has-accent-color has-text-color has-link-color wp-elements-d9e0575f2155b896780e2566d971ac68\"><strong>\u00c0 emporter <\/strong>: \n<ul class=\"wp-block-list\">\n<li>de quoi te sentir confortablement assis\u00b7e (zafus et tapis de yoga \u00e0 disposition) <\/li>\n\n\n\n<li>boisson\/encas si tu en as besoin<\/li>\n<\/ul>\n<\/li>\n\n\n\n<li class=\"has-accent-color has-text-color has-link-color wp-elements-6dde4b900032cf348cea027ef6985d6d\"><strong>Tarif<\/strong> : 180\u20ac pour les 4 matin\u00e9es (\u00e0 r\u00e9gler lors de la premi\u00e8re rencontre, sauf demande d&rsquo;\u00e9talement au pr\u00e9alable lors de l&rsquo;inscription)<\/li>\n\n\n\n<li class=\"has-accent-color has-text-color has-link-color wp-elements-7e64c07b6c2d15b28ba7f081af8c86d6\"><strong>Nombre<\/strong> de participant\u00b7e\u00b7s (adultes) : min. 4 &#8211; max. 7<\/li>\n\n\n\n<li class=\"has-accent-color has-text-color has-link-color wp-elements-3b0f224289b89a6e1f88707210c930e0\"><strong>Propos\u00e9 par <\/strong>: <a href=\"https:\/\/clairef89fe333fa9-mzbfk.wordpress.com\/a-propos\/\">Claire Feyens<\/a><\/li>\n<\/ul>\n\n\n\n<p><\/p>\n<\/div>\n","protected":false},"excerpt":{"rendered":"<p>Bienvenue \u00e0 toute personne en \u00e9puisement ou burn-out, diagnostiqu\u00e9e ou non par un\u00b7e professionnel\u00b7le de la sant\u00e9. Tout comme le Cercle de parole, le groupe de soutien permet \u00e0 chacun\u00b7e de cheminer, port\u00e9\u00b7e par la puissance d&rsquo;un groupe et les \u00e9changes des un\u00b7e\u00b7s et des autres. A travers des partages d&rsquo;exp\u00e9riences, des temps d&rsquo;introspection et [&hellip;]<\/p>\n","protected":false},"author":1,"featured_media":0,"parent":0,"menu_order":0,"comment_status":"closed","ping_status":"closed","template":"","meta":{"footnotes":""},"class_list":["post-722","page","type-page","status-publish","hentry"],"_links":{"self":[{"href":"https:\/\/www.tempscacree.be\/index.php?rest_route=\/wp\/v2\/pages\/722","targetHints":{"allow":["GET"]}}],"collection":[{"href":"https:\/\/www.tempscacree.be\/index.php?rest_route=\/wp\/v2\/pages"}],"about":[{"href":"https:\/\/www.tempscacree.be\/index.php?rest_route=\/wp\/v2\/types\/page"}],"author":[{"embeddable":true,"href":"https:\/\/www.tempscacree.be\/index.php?rest_route=\/wp\/v2\/users\/1"}],"replies":[{"embeddable":true,"href":"https:\/\/www.tempscacree.be\/index.php?rest_route=%2Fwp%2Fv2%2Fcomments&post=722"}],"version-history":[{"count":39,"href":"https:\/\/www.tempscacree.be\/index.php?rest_route=\/wp\/v2\/pages\/722\/revisions"}],"predecessor-version":[{"id":1088,"href":"https:\/\/www.tempscacree.be\/index.php?rest_route=\/wp\/v2\/pages\/722\/revisions\/1088"}],"wp:attachment":[{"href":"https:\/\/www.tempscacree.be\/index.php?rest_route=%2Fwp%2Fv2%2Fmedia&parent=722"}],"curies":[{"name":"wp","href":"https:\/\/api.w.org\/{rel}","templated":true}]}}