{"id":74,"date":"2025-08-13T16:00:06","date_gmt":"2025-08-13T14:00:06","guid":{"rendered":"https:\/\/clairef89fe333fa9-mzbfk.wordpress.com\/?page_id=74"},"modified":"2026-01-20T16:38:18","modified_gmt":"2026-01-20T16:38:18","slug":"cercle-pour-personnes-hp","status":"publish","type":"page","link":"https:\/\/www.tempscacree.be\/?page_id=74","title":{"rendered":"Cercle pour personnes HP"},"content":{"rendered":"\n<p class=\"has-accent-color has-text-color has-link-color wp-elements-d2027ba4ba7e3e989c4e42bebb5e2331\">Bienvenue aux personnes avec un profil de haut potentiel, identifi\u00e9 ou non par un\u00b7e professionel\u00b7le de la sant\u00e9.<\/p>\n\n\n\n<p class=\"has-accent-color has-text-color has-link-color wp-elements-79acde90c82eac22b638f05257892e3f\">Il s&rsquo;agit d&rsquo;un moment pour te retrouver avec d&rsquo;autres personnes ayant cette sp\u00e9cificit\u00e9, pour partager comment tu la vis et navigues avec celle-ci au quotidien, les ressemblances ou diff\u00e9rences de fonctionnement que tu observes avec ton entourage, les avantages, inconv\u00e9nients, richesses, manques, forces ou fragilit\u00e9s que cela t&rsquo;apporte, etc.<\/p>\n\n\n\n<div class=\"wp-block-buttons is-content-justification-center is-layout-flex wp-container-core-buttons-is-layout-16018d1d wp-block-buttons-is-layout-flex\">\n<div class=\"wp-block-button\"><a class=\"wp-block-button__link has-background-color has-accent-background-color has-text-color has-background has-link-color wp-element-button\" href=\"https:\/\/www.tempscacree.be\/?page_id=34\">qu&rsquo;est-ce qu&rsquo;un cercle de parole ?<\/a><\/div>\n<\/div>\n\n\n\n<div class=\"wp-block-buttons is-content-justification-center is-layout-flex wp-container-core-buttons-is-layout-16018d1d wp-block-buttons-is-layout-flex\">\n<div class=\"wp-block-button\"><a class=\"wp-block-button__link has-background-color has-accent-background-color has-text-color has-background has-link-color wp-element-button\" href=\"mailto:contact@tempscacree.be\">INSCRIPTION : contact@tempscacree.be<\/a><\/div>\n<\/div>\n\n\n\n<p class=\"has-accent-color has-text-color has-link-color wp-elements-0a0c5d87264ad0969a4627164f0138b1\"><br>Processus \u00e9galement possible en <a href=\"https:\/\/www.tempscacree.be\/?page_id=31\" data-type=\"page\" data-id=\"31\">accompagnement individuel<\/a>.<\/p>\n\n\n\n<hr class=\"wp-block-separator has-text-color has-accent-color has-alpha-channel-opacity has-accent-background-color has-background\"\/>\n\n\n\n<h5 class=\"wp-block-heading has-accent-color has-text-color has-link-color wp-elements-e9ca7d9e633f27da1ec7e5b4566af171\"><strong>Informations pratiques<\/strong><\/h5>\n\n\n\n<ul class=\"wp-block-list\">\n<li class=\"has-accent-color has-text-color has-link-color wp-elements-e94616aeb4333350c7c620eaf56ac2ef\"><strong>Lieu<\/strong> : <a href=\"https:\/\/www.tempscacree.be\/?page_id=637\" data-type=\"page\" data-id=\"637\">rue du Cerisier, 4A &#8211; 5530 Yvoir<\/a> (parking \u00e0 50 m\u00e8tres), dans une yourte<\/li>\n\n\n\n<li class=\"has-accent-color has-text-color has-link-color wp-elements-1883071c473122d596bb9bf9f893e8bb\"><strong>Engagement <\/strong>pour<strong> 4 jeudis de 19h30 \u00e0 21h30<\/strong> <strong> <\/strong>:\n<ul class=\"wp-block-list\">\n<li>pas de dates pr\u00e9vues pour le moment<\/li>\n<\/ul>\n<\/li>\n\n\n\n<li class=\"has-accent-color has-text-color has-link-color wp-elements-5dc904abd42819d53548754fb492d1ee\"><strong>\u00c0 emporter <\/strong>: \n<ul class=\"wp-block-list\">\n<li>de quoi te sentir confortablement assis\u00b7e (zafus et tapis de yoga \u00e0 disposition)<\/li>\n\n\n\n<li>boisson\/encas si tu en as besoin<\/li>\n<\/ul>\n<\/li>\n\n\n\n<li class=\"has-accent-color has-text-color has-link-color wp-elements-ee04418cb6880ca700918d16405af2c1\"><strong>Tarif<\/strong> : 120\u20ac pour les 4 soir\u00e9es (\u00e0 r\u00e9gler lors de la premi\u00e8re rencontre)<\/li>\n\n\n\n<li class=\"has-accent-color has-text-color has-link-color wp-elements-7e64c07b6c2d15b28ba7f081af8c86d6\"><strong>Nombre<\/strong> de participant\u00b7e\u00b7s (adultes) : min. 4 &#8211; max. 7<\/li>\n\n\n\n<li class=\"has-accent-color has-text-color has-link-color wp-elements-b77174501e521ba747f250a467e3f3a1\"><strong>Propos\u00e9 par <\/strong>:<strong> <\/strong><a href=\"https:\/\/clairef89fe333fa9-mzbfk.wordpress.com\/a-propos\/\">Claire Feyens<\/a><\/li>\n<\/ul>\n","protected":false},"excerpt":{"rendered":"<p>Bienvenue aux personnes avec un profil de haut potentiel, identifi\u00e9 ou non par un\u00b7e professionel\u00b7le de la sant\u00e9. Il s&rsquo;agit d&rsquo;un moment pour te retrouver avec d&rsquo;autres personnes ayant cette sp\u00e9cificit\u00e9, pour partager comment tu la vis et navigues avec celle-ci au quotidien, les ressemblances ou diff\u00e9rences de fonctionnement que tu observes avec ton entourage, [&hellip;]<\/p>\n","protected":false},"author":1,"featured_media":0,"parent":0,"menu_order":0,"comment_status":"closed","ping_status":"closed","template":"","meta":{"footnotes":""},"class_list":["post-74","page","type-page","status-publish","hentry"],"_links":{"self":[{"href":"https:\/\/www.tempscacree.be\/index.php?rest_route=\/wp\/v2\/pages\/74","targetHints":{"allow":["GET"]}}],"collection":[{"href":"https:\/\/www.tempscacree.be\/index.php?rest_route=\/wp\/v2\/pages"}],"about":[{"href":"https:\/\/www.tempscacree.be\/index.php?rest_route=\/wp\/v2\/types\/page"}],"author":[{"embeddable":true,"href":"https:\/\/www.tempscacree.be\/index.php?rest_route=\/wp\/v2\/users\/1"}],"replies":[{"embeddable":true,"href":"https:\/\/www.tempscacree.be\/index.php?rest_route=%2Fwp%2Fv2%2Fcomments&post=74"}],"version-history":[{"count":15,"href":"https:\/\/www.tempscacree.be\/index.php?rest_route=\/wp\/v2\/pages\/74\/revisions"}],"predecessor-version":[{"id":1090,"href":"https:\/\/www.tempscacree.be\/index.php?rest_route=\/wp\/v2\/pages\/74\/revisions\/1090"}],"wp:attachment":[{"href":"https:\/\/www.tempscacree.be\/index.php?rest_route=%2Fwp%2Fv2%2Fmedia&parent=74"}],"curies":[{"name":"wp","href":"https:\/\/api.w.org\/{rel}","templated":true}]}}