{"id":855,"date":"2025-11-07T22:11:51","date_gmt":"2025-11-07T22:11:51","guid":{"rendered":"https:\/\/www.tempscacree.be\/?page_id=855"},"modified":"2026-01-20T16:39:06","modified_gmt":"2026-01-20T16:39:06","slug":"cercle-pression-sociale","status":"publish","type":"page","link":"https:\/\/www.tempscacree.be\/?page_id=855","title":{"rendered":"Cercle attentes sociales"},"content":{"rendered":"\n<p class=\"has-accent-color has-text-color has-link-color wp-elements-049bf08636e2ffd1969a6bebb44beaa0\">Dans ce Cercle de parole, tu pourras d\u00e9poser les attentes (soci\u00e9tales, environnementales, familiales, professionnelles, de couple, amicales, personnelles, etc.) qui ont un impact sur toi et dont tu souhaites te lib\u00e9rer car tu les sens en d\u00e9calage, d\u00e9sallign\u00e9es, en d\u00e9saccord avec toi. <br>Tu pourras observer ce qu&rsquo;elles racontent de ton histoire, creuser les raisons qui t&rsquo;invitent \u00e0 (ne pas) les suivre, mesurer les risques et avantages des diff\u00e9rents chemins possibles, et voir comment te respecter au mieux en prenant en compte tous les param\u00e8tres qui t&rsquo;importent aujourd&rsquo;hui. <br>Ce cycle te permettra, in fine, de te connecter \u00e0 tes propres aspirations et aux prochains pas que tu souhaites poser pour avancer plus sereinement, en phase avec qui tu es.<\/p>\n\n\n\n<div class=\"wp-block-buttons is-content-justification-center is-layout-flex wp-container-core-buttons-is-layout-16018d1d wp-block-buttons-is-layout-flex\">\n<div class=\"wp-block-button\"><a class=\"wp-block-button__link has-background-color has-accent-background-color has-text-color has-background has-link-color wp-element-button\" href=\"https:\/\/www.tempscacree.be\/?page_id=34\">Qu&rsquo;est-ce qu&rsquo;UN CERCLE DE PAROLE ?<\/a><\/div>\n<\/div>\n\n\n\n<div class=\"wp-block-buttons is-content-justification-center is-layout-flex wp-container-core-buttons-is-layout-16018d1d wp-block-buttons-is-layout-flex\">\n<div class=\"wp-block-button\"><a class=\"wp-block-button__link has-background-color has-accent-background-color has-text-color has-background has-link-color wp-element-button\" href=\"mailto:contact@tempscacree.be\">INSCRIPTION : contact@tempscacree.be<\/a><\/div>\n<\/div>\n\n\n\n<p class=\"has-accent-color has-text-color has-link-color wp-elements-0a0c5d87264ad0969a4627164f0138b1\"><br>Processus \u00e9galement possible en <a href=\"https:\/\/www.tempscacree.be\/?page_id=31\" data-type=\"page\" data-id=\"31\">accompagnement individuel<\/a>.<\/p>\n\n\n\n<hr class=\"wp-block-separator has-text-color has-accent-color has-alpha-channel-opacity has-accent-background-color has-background\"\/>\n\n\n\n<h5 class=\"wp-block-heading has-accent-color has-text-color has-link-color wp-elements-71f64e51c5944ee72f1183882247ace2\"><strong><strong>Informations pratiques<\/strong><\/strong><\/h5>\n\n\n\n<ul class=\"wp-block-list\">\n<li class=\"has-accent-color has-text-color has-link-color wp-elements-61f1641acf573e5e88473e03f12a65c5\"><strong>Lieu<\/strong> : <a href=\"https:\/\/www.tempscacree.be\/?page_id=637\">rue du Cerisier, 4A \u2013 5530 Yvoir<\/a> (parking \u00e0 50 m\u00e8tres), dans une yourte<\/li>\n\n\n\n<li class=\"has-accent-color has-text-color has-link-color wp-elements-af1fc170e6467705d822757d70dc3c84\"><strong>Engagement <\/strong>pour<strong> 4 mercredis de 19h30 \u00e0 21h30<\/strong> <strong> <\/strong>:\n<ul class=\"wp-block-list\">\n<li>pas de dates pr\u00e9vues pour le moment<\/li>\n<\/ul>\n<\/li>\n\n\n\n<li class=\"has-accent-color has-text-color has-link-color wp-elements-5dc904abd42819d53548754fb492d1ee\"><strong>\u00c0 emporter <\/strong>: \n<ul class=\"wp-block-list\">\n<li>de quoi te sentir confortablement assis\u00b7e (zafus et tapis de yoga \u00e0 disposition)<\/li>\n\n\n\n<li>boisson\/encas si tu en as besoin<\/li>\n<\/ul>\n<\/li>\n\n\n\n<li class=\"has-accent-color has-text-color has-link-color wp-elements-ee04418cb6880ca700918d16405af2c1\"><strong>Tarif<\/strong> : 120\u20ac pour les 4 soir\u00e9es (\u00e0 r\u00e9gler lors de la premi\u00e8re rencontre)<\/li>\n\n\n\n<li class=\"has-accent-color has-text-color has-link-color wp-elements-7e64c07b6c2d15b28ba7f081af8c86d6\"><strong>Nombre<\/strong> de participant\u00b7e\u00b7s (adultes) : min. 4 &#8211; max. 7<\/li>\n\n\n\n<li class=\"has-accent-color has-text-color has-link-color wp-elements-3b0f224289b89a6e1f88707210c930e0\"><strong>Propos\u00e9 par <\/strong>: <a href=\"https:\/\/clairef89fe333fa9-mzbfk.wordpress.com\/a-propos\/\">Claire Feyens<\/a><\/li>\n<\/ul>\n","protected":false},"excerpt":{"rendered":"<p>Dans ce Cercle de parole, tu pourras d\u00e9poser les attentes (soci\u00e9tales, environnementales, familiales, professionnelles, de couple, amicales, personnelles, etc.) qui ont un impact sur toi et dont tu souhaites te lib\u00e9rer car tu les sens en d\u00e9calage, d\u00e9sallign\u00e9es, en d\u00e9saccord avec toi. Tu pourras observer ce qu&rsquo;elles racontent de ton histoire, creuser les raisons qui [&hellip;]<\/p>\n","protected":false},"author":1,"featured_media":0,"parent":0,"menu_order":0,"comment_status":"closed","ping_status":"closed","template":"","meta":{"footnotes":""},"class_list":["post-855","page","type-page","status-publish","hentry"],"_links":{"self":[{"href":"https:\/\/www.tempscacree.be\/index.php?rest_route=\/wp\/v2\/pages\/855","targetHints":{"allow":["GET"]}}],"collection":[{"href":"https:\/\/www.tempscacree.be\/index.php?rest_route=\/wp\/v2\/pages"}],"about":[{"href":"https:\/\/www.tempscacree.be\/index.php?rest_route=\/wp\/v2\/types\/page"}],"author":[{"embeddable":true,"href":"https:\/\/www.tempscacree.be\/index.php?rest_route=\/wp\/v2\/users\/1"}],"replies":[{"embeddable":true,"href":"https:\/\/www.tempscacree.be\/index.php?rest_route=%2Fwp%2Fv2%2Fcomments&post=855"}],"version-history":[{"count":49,"href":"https:\/\/www.tempscacree.be\/index.php?rest_route=\/wp\/v2\/pages\/855\/revisions"}],"predecessor-version":[{"id":1092,"href":"https:\/\/www.tempscacree.be\/index.php?rest_route=\/wp\/v2\/pages\/855\/revisions\/1092"}],"wp:attachment":[{"href":"https:\/\/www.tempscacree.be\/index.php?rest_route=%2Fwp%2Fv2%2Fmedia&parent=855"}],"curies":[{"name":"wp","href":"https:\/\/api.w.org\/{rel}","templated":true}]}}