{"id":968,"date":"2025-11-12T22:41:44","date_gmt":"2025-11-12T22:41:44","guid":{"rendered":"https:\/\/www.tempscacree.be\/?page_id=968"},"modified":"2025-11-12T22:41:44","modified_gmt":"2025-11-12T22:41:44","slug":"politique-de-confidentialite","status":"publish","type":"page","link":"https:\/\/www.tempscacree.be\/?page_id=968","title":{"rendered":"Politique de confidentialit\u00e9"},"content":{"rendered":"\n<p class=\"has-accent-color has-text-color has-link-color wp-elements-8b86101b17a74e8816d395cdd9c9b23a\"><strong>Date de derni\u00e8re mise \u00e0 jour :<\/strong> 12\/11\/2025<\/p>\n\n\n\n<p class=\"has-accent-color has-text-color has-link-color wp-elements-dbce6d59435e3906b697aca16f002474\"><strong>1. Engagements de confidentialit\u00e9<\/strong><br>Nous nous engageons \u00e0 respecter la confidentialit\u00e9 de nos visiteurs. Ce site ne collecte aucune donn\u00e9e personnelle identifiante lorsque vous naviguez.\u00a0<\/p>\n\n\n\n<p class=\"has-accent-color has-text-color has-link-color wp-elements-271685de79e5b9306a1e4df06b05d663\"><strong>2. Collecte de donn\u00e9es<\/strong>&nbsp;<\/p>\n\n\n\n<ul class=\"wp-block-list\">\n<li class=\"has-accent-color has-text-color has-link-color wp-elements-b50e2b1f19dda65ec1226cce8488186c\"><strong>Donn\u00e9es de navigation et cookies :<\/strong> Nous utilisons des cookies et d&rsquo;autres technologies pour recueillir des informations techniques, comme le type de navigateur, le syst\u00e8me d&rsquo;exploitation et les pages visit\u00e9es. Ces donn\u00e9es sont anonymis\u00e9es et utilis\u00e9es uniquement \u00e0 des fins d&rsquo;analyse statistique pour am\u00e9liorer le site.<\/li>\n\n\n\n<li class=\"has-accent-color has-text-color has-link-color wp-elements-24f2e852b17c3c23d0f301892358ed62\"><strong>Aucune donn\u00e9e personnelle :<\/strong> Ce site n&rsquo;utilise pas de formulaires de contact, de commentaires ou de contenu int\u00e9gr\u00e9 qui pourraient recueillir vos donn\u00e9es personnelles (nom, adresse e-mail, etc.).\u00a0<\/li>\n<\/ul>\n\n\n\n<p class=\"has-accent-color has-text-color has-link-color wp-elements-2c77f0bc7d113748acb2d08a3fa08127\"><strong>3. Utilisation des donn\u00e9es<\/strong><br>Les informations techniques collect\u00e9es servent \u00e0 am\u00e9liorer l&rsquo;exp\u00e9rience utilisateur et \u00e0 analyser les performances du site. Aucune donn\u00e9e personnelle n&rsquo;est partag\u00e9e avec des tiers.&nbsp;<\/p>\n\n\n\n<p class=\"has-accent-color has-text-color has-link-color wp-elements-6a400738c71efac923a5e8428c8a98c8\"><strong>4. Vos droits<\/strong>&nbsp;<\/p>\n\n\n\n<ul class=\"wp-block-list\">\n<li class=\"has-accent-color has-text-color has-link-color wp-elements-47294ffb78a596d9a6791a095550812b\"><strong>Droit de vous opposer :<\/strong> Vous pouvez vous opposer \u00e0 l&rsquo;utilisation de cookies via les param\u00e8tres de votre navigateur.<\/li>\n\n\n\n<li class=\"has-accent-color has-text-color has-link-color wp-elements-a89b600fe1ffbfaec0b9647454074847\"><strong>Droit \u00e0 l&rsquo;information :<\/strong> Cette politique de confidentialit\u00e9 est disponible sur l&rsquo;ensemble du site pour vous informer sur la mani\u00e8re dont nous traitons les donn\u00e9es techniques.\u00a0<\/li>\n<\/ul>\n\n\n\n<p class=\"has-accent-color has-text-color has-link-color wp-elements-9862056d26dc1a7cb8e252209f27fe84\"><strong>5. Contact<\/strong><br>Pour toute question concernant cette politique de confidentialit\u00e9, veuillez nous contacter \u00e0 l&rsquo;adresse <a href=\"mailto:contact@tempscacree.be\">contact@tempscacree.be<\/a><\/p>\n","protected":false},"excerpt":{"rendered":"<p>Date de derni\u00e8re mise \u00e0 jour : 12\/11\/2025 1. Engagements de confidentialit\u00e9Nous nous engageons \u00e0 respecter la confidentialit\u00e9 de nos visiteurs. Ce site ne collecte aucune donn\u00e9e personnelle identifiante lorsque vous naviguez.\u00a0 2. Collecte de donn\u00e9es&nbsp; 3. Utilisation des donn\u00e9esLes informations techniques collect\u00e9es servent \u00e0 am\u00e9liorer l&rsquo;exp\u00e9rience utilisateur et \u00e0 analyser les performances du site. [&hellip;]<\/p>\n","protected":false},"author":1,"featured_media":0,"parent":0,"menu_order":0,"comment_status":"closed","ping_status":"closed","template":"","meta":{"footnotes":""},"class_list":["post-968","page","type-page","status-publish","hentry"],"_links":{"self":[{"href":"https:\/\/www.tempscacree.be\/index.php?rest_route=\/wp\/v2\/pages\/968","targetHints":{"allow":["GET"]}}],"collection":[{"href":"https:\/\/www.tempscacree.be\/index.php?rest_route=\/wp\/v2\/pages"}],"about":[{"href":"https:\/\/www.tempscacree.be\/index.php?rest_route=\/wp\/v2\/types\/page"}],"author":[{"embeddable":true,"href":"https:\/\/www.tempscacree.be\/index.php?rest_route=\/wp\/v2\/users\/1"}],"replies":[{"embeddable":true,"href":"https:\/\/www.tempscacree.be\/index.php?rest_route=%2Fwp%2Fv2%2Fcomments&post=968"}],"version-history":[{"count":1,"href":"https:\/\/www.tempscacree.be\/index.php?rest_route=\/wp\/v2\/pages\/968\/revisions"}],"predecessor-version":[{"id":969,"href":"https:\/\/www.tempscacree.be\/index.php?rest_route=\/wp\/v2\/pages\/968\/revisions\/969"}],"wp:attachment":[{"href":"https:\/\/www.tempscacree.be\/index.php?rest_route=%2Fwp%2Fv2%2Fmedia&parent=968"}],"curies":[{"name":"wp","href":"https:\/\/api.w.org\/{rel}","templated":true}]}}